{"id":16907,"date":"2025-03-26T16:00:48","date_gmt":"2025-03-26T19:00:48","guid":{"rendered":"https:\/\/sensym.com.br\/site\/?page_id=16907"},"modified":"2025-03-26T17:01:18","modified_gmt":"2025-03-26T20:01:18","slug":"blog","status":"publish","type":"page","link":"https:\/\/sensym.com.br\/site\/blog\/","title":{"rendered":"Blog"},"content":{"rendered":"\t\t<div data-elementor-type=\"wp-page\" data-elementor-id=\"16907\" class=\"elementor elementor-16907\" data-elementor-post-type=\"page\">\n\t\t\t\t\t\t<section class=\"elementor-section elementor-top-section elementor-element elementor-element-4cb8208f elementor-section-height-min-height elementor-section-boxed elementor-section-height-default elementor-section-items-middle\" data-id=\"4cb8208f\" data-element_type=\"section\" data-settings=\"{&quot;background_background&quot;:&quot;classic&quot;}\">\n\t\t\t\t\t\t<div class=\"elementor-container elementor-column-gap-default\">\n\t\t\t\t\t<div class=\"elementor-column elementor-col-100 elementor-top-column elementor-element elementor-element-2e9f56c4\" data-id=\"2e9f56c4\" data-element_type=\"column\">\n\t\t\t<div class=\"elementor-widget-wrap elementor-element-populated\">\n\t\t\t\t\t\t<div class=\"elementor-element elementor-element-ecfc467 elementor-widget elementor-widget-heading\" data-id=\"ecfc467\" data-element_type=\"widget\" data-widget_type=\"heading.default\">\n\t\t\t\t<div class=\"elementor-widget-container\">\n\t\t\t<h2 class=\"elementor-heading-title elementor-size-default\">Blog<\/h2>\t\t<\/div>\n\t\t\t\t<\/div>\n\t\t\t\t\t<\/div>\n\t\t<\/div>\n\t\t\t\t\t<\/div>\n\t\t<\/section>\n\t\t<div class=\"elementor-element elementor-element-5e937cf e-flex e-con-boxed e-con e-parent\" data-id=\"5e937cf\" data-element_type=\"container\" data-settings=\"{&quot;background_background&quot;:&quot;classic&quot;}\">\n\t\t\t\t\t<div class=\"e-con-inner\">\n\t\t\t\t<div class=\"elementor-element elementor-element-1e531df elementor-grid-2 elementor-posts--align-left elementor-grid-tablet-2 elementor-grid-mobile-1 elementor-posts--thumbnail-top elementor-posts__hover-gradient elementor-widget elementor-widget-posts\" data-id=\"1e531df\" data-element_type=\"widget\" data-settings=\"{&quot;cards_columns&quot;:&quot;2&quot;,&quot;cards_row_gap&quot;:{&quot;unit&quot;:&quot;px&quot;,&quot;size&quot;:20,&quot;sizes&quot;:[]},&quot;pagination_type&quot;:&quot;numbers&quot;,&quot;cards_columns_tablet&quot;:&quot;2&quot;,&quot;cards_columns_mobile&quot;:&quot;1&quot;,&quot;cards_row_gap_tablet&quot;:{&quot;unit&quot;:&quot;px&quot;,&quot;size&quot;:&quot;&quot;,&quot;sizes&quot;:[]},&quot;cards_row_gap_mobile&quot;:{&quot;unit&quot;:&quot;px&quot;,&quot;size&quot;:&quot;&quot;,&quot;sizes&quot;:[]}}\" data-widget_type=\"posts.cards\">\n\t\t\t\t<div class=\"elementor-widget-container\">\n\t\t\t\t\t<div class=\"elementor-posts-container elementor-posts elementor-posts--skin-cards elementor-grid\">\n\t\t\t\t<article class=\"elementor-post elementor-grid-item post-17505 post type-post status-publish format-standard has-post-thumbnail hentry category-blog\">\n\t\t\t<div class=\"elementor-post__card\">\n\t\t\t\t<a class=\"elementor-post__thumbnail__link\" href=\"https:\/\/sensym.com.br\/site\/reduzindo-falhas-em-processos-com-solucoes-sensym\/\" tabindex=\"-1\" ><div class=\"elementor-post__thumbnail\"><img fetchpriority=\"high\" decoding=\"async\" width=\"1920\" height=\"1080\" src=\"https:\/\/sensym.com.br\/site\/wp-content\/uploads\/2026\/03\/Blogpost-1.jpg\" class=\"attachment-full size-full wp-image-17507\" alt=\"\" srcset=\"https:\/\/sensym.com.br\/site\/wp-content\/uploads\/2026\/03\/Blogpost-1.jpg 1920w, https:\/\/sensym.com.br\/site\/wp-content\/uploads\/2026\/03\/Blogpost-1-300x169.jpg 300w, https:\/\/sensym.com.br\/site\/wp-content\/uploads\/2026\/03\/Blogpost-1-1024x576.jpg 1024w, https:\/\/sensym.com.br\/site\/wp-content\/uploads\/2026\/03\/Blogpost-1-768x432.jpg 768w, https:\/\/sensym.com.br\/site\/wp-content\/uploads\/2026\/03\/Blogpost-1-1536x864.jpg 1536w\" sizes=\"(max-width: 1920px) 100vw, 1920px\" \/><\/div><\/a>\n\t\t\t\t<div class=\"elementor-post__text\">\n\t\t\t\t<h2 class=\"elementor-post__title\">\n\t\t\t<a href=\"https:\/\/sensym.com.br\/site\/reduzindo-falhas-em-processos-com-solucoes-sensym\/\" >\n\t\t\t\tReduzindo falhas em processos com solu\u00e7\u00f5es Sensym\t\t\t<\/a>\n\t\t<\/h2>\n\t\t\t\t<div class=\"elementor-post__excerpt\">\n\t\t\t<p>O tema Reduzindo falhas em processos com solu\u00e7\u00f5es Sensym \u00e9 cada vez mais relevante para ind\u00fastrias que dependem de estabilidade operacional, rastreabilidade e controle cont\u00ednuo de vari\u00e1veis de processo. Quando uma falha acontece, raramente ela surge \u201cdo nada\u201d. Em geral,<\/p>\n\t\t<\/div>\n\t\t\n\t\t<a class=\"elementor-post__read-more\" href=\"https:\/\/sensym.com.br\/site\/reduzindo-falhas-em-processos-com-solucoes-sensym\/\" aria-label=\"Leia mais sobre Reduzindo falhas em processos com solu\u00e7\u00f5es Sensym\" tabindex=\"-1\" >\n\t\t\tLeia mais\t\t<\/a>\n\n\t\t\t\t<\/div>\n\t\t\t\t\t<\/div>\n\t\t<\/article>\n\t\t\t\t<article class=\"elementor-post elementor-grid-item post-17502 post type-post status-publish format-standard has-post-thumbnail hentry category-blog\">\n\t\t\t<div class=\"elementor-post__card\">\n\t\t\t\t<a class=\"elementor-post__thumbnail__link\" href=\"https:\/\/sensym.com.br\/site\/como-escolher-o-sensor-ideal-para-cada-aplicacao\/\" tabindex=\"-1\" ><div class=\"elementor-post__thumbnail\"><img decoding=\"async\" width=\"1920\" height=\"1080\" src=\"https:\/\/sensym.com.br\/site\/wp-content\/uploads\/2026\/03\/Blogpost.jpg\" class=\"attachment-full size-full wp-image-17503\" alt=\"\" srcset=\"https:\/\/sensym.com.br\/site\/wp-content\/uploads\/2026\/03\/Blogpost.jpg 1920w, https:\/\/sensym.com.br\/site\/wp-content\/uploads\/2026\/03\/Blogpost-300x169.jpg 300w, https:\/\/sensym.com.br\/site\/wp-content\/uploads\/2026\/03\/Blogpost-1024x576.jpg 1024w, https:\/\/sensym.com.br\/site\/wp-content\/uploads\/2026\/03\/Blogpost-768x432.jpg 768w, https:\/\/sensym.com.br\/site\/wp-content\/uploads\/2026\/03\/Blogpost-1536x864.jpg 1536w\" sizes=\"(max-width: 1920px) 100vw, 1920px\" \/><\/div><\/a>\n\t\t\t\t<div class=\"elementor-post__text\">\n\t\t\t\t<h2 class=\"elementor-post__title\">\n\t\t\t<a href=\"https:\/\/sensym.com.br\/site\/como-escolher-o-sensor-ideal-para-cada-aplicacao\/\" >\n\t\t\t\tComo escolher o sensor ideal para cada aplica\u00e7\u00e3o\t\t\t<\/a>\n\t\t<\/h2>\n\t\t\t\t<div class=\"elementor-post__excerpt\">\n\t\t\t<p>Em processos industriais, a medi\u00e7\u00e3o correta de vari\u00e1veis como press\u00e3o, temperatura, n\u00edvel, vaz\u00e3o ou umidade \u00e9 fundamental para garantir estabilidade operacional, controle adequado e tomada de decis\u00e3o baseada em dados confi\u00e1veis. Nesse contexto, a escolha do sensor de medi\u00e7\u00e3o adequado<\/p>\n\t\t<\/div>\n\t\t\n\t\t<a class=\"elementor-post__read-more\" href=\"https:\/\/sensym.com.br\/site\/como-escolher-o-sensor-ideal-para-cada-aplicacao\/\" aria-label=\"Leia mais sobre Como escolher o sensor ideal para cada aplica\u00e7\u00e3o\" tabindex=\"-1\" >\n\t\t\tLeia mais\t\t<\/a>\n\n\t\t\t\t<\/div>\n\t\t\t\t\t<\/div>\n\t\t<\/article>\n\t\t\t\t<article class=\"elementor-post elementor-grid-item post-17491 post type-post status-publish format-standard has-post-thumbnail hentry category-blog\">\n\t\t\t<div class=\"elementor-post__card\">\n\t\t\t\t<a class=\"elementor-post__thumbnail__link\" href=\"https:\/\/sensym.com.br\/site\/termopares-medicao-de-temperatura-confiavel-em-processos-industriais\/\" tabindex=\"-1\" ><div class=\"elementor-post__thumbnail\"><img decoding=\"async\" width=\"1920\" height=\"1080\" src=\"https:\/\/sensym.com.br\/site\/wp-content\/uploads\/2026\/02\/Blogpost.jpg\" class=\"attachment-full size-full wp-image-17493\" alt=\"\" srcset=\"https:\/\/sensym.com.br\/site\/wp-content\/uploads\/2026\/02\/Blogpost.jpg 1920w, https:\/\/sensym.com.br\/site\/wp-content\/uploads\/2026\/02\/Blogpost-300x169.jpg 300w, https:\/\/sensym.com.br\/site\/wp-content\/uploads\/2026\/02\/Blogpost-1024x576.jpg 1024w, https:\/\/sensym.com.br\/site\/wp-content\/uploads\/2026\/02\/Blogpost-768x432.jpg 768w, https:\/\/sensym.com.br\/site\/wp-content\/uploads\/2026\/02\/Blogpost-1536x864.jpg 1536w\" sizes=\"(max-width: 1920px) 100vw, 1920px\" \/><\/div><\/a>\n\t\t\t\t<div class=\"elementor-post__text\">\n\t\t\t\t<h2 class=\"elementor-post__title\">\n\t\t\t<a href=\"https:\/\/sensym.com.br\/site\/termopares-medicao-de-temperatura-confiavel-em-processos-industriais\/\" >\n\t\t\t\tTermopares: Medi\u00e7\u00e3o de temperatura confi\u00e1vel em processos industriais\t\t\t<\/a>\n\t\t<\/h2>\n\t\t\t\t<div class=\"elementor-post__excerpt\">\n\t\t\t<p>A medi\u00e7\u00e3o de temperatura \u00e9 um dos pilares do controle de processos industriais. Em setores como qu\u00edmico, metal\u00fargico, aliment\u00edcio e farmac\u00eautico, pequenas varia\u00e7\u00f5es t\u00e9rmicas podem impactar diretamente a qualidade do produto, a seguran\u00e7a operacional e a estabilidade do processo. Nesse<\/p>\n\t\t<\/div>\n\t\t\n\t\t<a class=\"elementor-post__read-more\" href=\"https:\/\/sensym.com.br\/site\/termopares-medicao-de-temperatura-confiavel-em-processos-industriais\/\" aria-label=\"Leia mais sobre Termopares: Medi\u00e7\u00e3o de temperatura confi\u00e1vel em processos industriais\" tabindex=\"-1\" >\n\t\t\tLeia mais\t\t<\/a>\n\n\t\t\t\t<\/div>\n\t\t\t\t\t<\/div>\n\t\t<\/article>\n\t\t\t\t<article class=\"elementor-post elementor-grid-item post-17486 post type-post status-publish format-standard has-post-thumbnail hentry category-blog\">\n\t\t\t<div class=\"elementor-post__card\">\n\t\t\t\t<a class=\"elementor-post__thumbnail__link\" href=\"https:\/\/sensym.com.br\/site\/a-importancia-da-medicao-precisa-de-pressao-em-processos-industriais\/\" tabindex=\"-1\" ><div class=\"elementor-post__thumbnail\"><img loading=\"lazy\" decoding=\"async\" width=\"1920\" height=\"1080\" src=\"https:\/\/sensym.com.br\/site\/wp-content\/uploads\/2025\/11\/Blogpost-1.jpg\" class=\"attachment-full size-full wp-image-17487\" alt=\"\" srcset=\"https:\/\/sensym.com.br\/site\/wp-content\/uploads\/2025\/11\/Blogpost-1.jpg 1920w, https:\/\/sensym.com.br\/site\/wp-content\/uploads\/2025\/11\/Blogpost-1-300x169.jpg 300w, https:\/\/sensym.com.br\/site\/wp-content\/uploads\/2025\/11\/Blogpost-1-1024x576.jpg 1024w, https:\/\/sensym.com.br\/site\/wp-content\/uploads\/2025\/11\/Blogpost-1-768x432.jpg 768w, https:\/\/sensym.com.br\/site\/wp-content\/uploads\/2025\/11\/Blogpost-1-1536x864.jpg 1536w\" sizes=\"(max-width: 1920px) 100vw, 1920px\" \/><\/div><\/a>\n\t\t\t\t<div class=\"elementor-post__text\">\n\t\t\t\t<h2 class=\"elementor-post__title\">\n\t\t\t<a href=\"https:\/\/sensym.com.br\/site\/a-importancia-da-medicao-precisa-de-pressao-em-processos-industriais\/\" >\n\t\t\t\tA import\u00e2ncia da medi\u00e7\u00e3o precisa de press\u00e3o em processos industriais\t\t\t<\/a>\n\t\t<\/h2>\n\t\t\t\t<div class=\"elementor-post__excerpt\">\n\t\t\t<p>A import\u00e2ncia da medi\u00e7\u00e3o precisa de press\u00e3o em processos industriais \u00e9 um fator determinante para a seguran\u00e7a operacional, o desempenho dos equipamentos e a estabilidade das vari\u00e1veis de processo. Em setores que dependem de controle rigoroso de fluidos, gases e<\/p>\n\t\t<\/div>\n\t\t\n\t\t<a class=\"elementor-post__read-more\" href=\"https:\/\/sensym.com.br\/site\/a-importancia-da-medicao-precisa-de-pressao-em-processos-industriais\/\" aria-label=\"Leia mais sobre A import\u00e2ncia da medi\u00e7\u00e3o precisa de press\u00e3o em processos industriais\" tabindex=\"-1\" >\n\t\t\tLeia mais\t\t<\/a>\n\n\t\t\t\t<\/div>\n\t\t\t\t\t<\/div>\n\t\t<\/article>\n\t\t\t\t<article class=\"elementor-post elementor-grid-item post-17320 post type-post status-publish format-standard has-post-thumbnail hentry category-blog\">\n\t\t\t<div class=\"elementor-post__card\">\n\t\t\t\t<a class=\"elementor-post__thumbnail__link\" href=\"https:\/\/sensym.com.br\/site\/o-impacto-da-temperatura-no-controle-de-processos-industriais\/\" tabindex=\"-1\" ><div class=\"elementor-post__thumbnail\"><img loading=\"lazy\" decoding=\"async\" width=\"1920\" height=\"1080\" src=\"https:\/\/sensym.com.br\/site\/wp-content\/uploads\/2025\/11\/Blogpost.jpg\" class=\"attachment-full size-full wp-image-17321\" alt=\"\" srcset=\"https:\/\/sensym.com.br\/site\/wp-content\/uploads\/2025\/11\/Blogpost.jpg 1920w, https:\/\/sensym.com.br\/site\/wp-content\/uploads\/2025\/11\/Blogpost-300x169.jpg 300w, https:\/\/sensym.com.br\/site\/wp-content\/uploads\/2025\/11\/Blogpost-1024x576.jpg 1024w, https:\/\/sensym.com.br\/site\/wp-content\/uploads\/2025\/11\/Blogpost-768x432.jpg 768w, https:\/\/sensym.com.br\/site\/wp-content\/uploads\/2025\/11\/Blogpost-1536x864.jpg 1536w\" sizes=\"(max-width: 1920px) 100vw, 1920px\" \/><\/div><\/a>\n\t\t\t\t<div class=\"elementor-post__text\">\n\t\t\t\t<h2 class=\"elementor-post__title\">\n\t\t\t<a href=\"https:\/\/sensym.com.br\/site\/o-impacto-da-temperatura-no-controle-de-processos-industriais\/\" >\n\t\t\t\tO impacto da temperatura no controle de processos industriais\t\t\t<\/a>\n\t\t<\/h2>\n\t\t\t\t<div class=\"elementor-post__excerpt\">\n\t\t\t<p>O controle de temperatura \u00e9 um dos pilares fundamentais para o bom desempenho dos processos industriais. Desde a fabrica\u00e7\u00e3o de alimentos at\u00e9 a produ\u00e7\u00e3o de f\u00e1rmacos, metais, pl\u00e1sticos e produtos qu\u00edmicos, manter a temperatura dentro de faixas espec\u00edficas \u00e9 essencial<\/p>\n\t\t<\/div>\n\t\t\n\t\t<a class=\"elementor-post__read-more\" href=\"https:\/\/sensym.com.br\/site\/o-impacto-da-temperatura-no-controle-de-processos-industriais\/\" aria-label=\"Leia mais sobre O impacto da temperatura no controle de processos industriais\" tabindex=\"-1\" >\n\t\t\tLeia mais\t\t<\/a>\n\n\t\t\t\t<\/div>\n\t\t\t\t\t<\/div>\n\t\t<\/article>\n\t\t\t\t<article class=\"elementor-post elementor-grid-item post-17171 post type-post status-publish format-standard has-post-thumbnail hentry category-blog\">\n\t\t\t<div class=\"elementor-post__card\">\n\t\t\t\t<a class=\"elementor-post__thumbnail__link\" href=\"https:\/\/sensym.com.br\/site\/tta-din-transmissor-de-temperatura-para-conector-din\/\" tabindex=\"-1\" ><div class=\"elementor-post__thumbnail\"><img loading=\"lazy\" decoding=\"async\" width=\"1920\" height=\"1080\" src=\"https:\/\/sensym.com.br\/site\/wp-content\/uploads\/2025\/10\/Blogpost.jpg\" class=\"attachment-full size-full wp-image-17172\" alt=\"\" srcset=\"https:\/\/sensym.com.br\/site\/wp-content\/uploads\/2025\/10\/Blogpost.jpg 1920w, https:\/\/sensym.com.br\/site\/wp-content\/uploads\/2025\/10\/Blogpost-300x169.jpg 300w, https:\/\/sensym.com.br\/site\/wp-content\/uploads\/2025\/10\/Blogpost-1024x576.jpg 1024w, https:\/\/sensym.com.br\/site\/wp-content\/uploads\/2025\/10\/Blogpost-768x432.jpg 768w, https:\/\/sensym.com.br\/site\/wp-content\/uploads\/2025\/10\/Blogpost-1536x864.jpg 1536w\" sizes=\"(max-width: 1920px) 100vw, 1920px\" \/><\/div><\/a>\n\t\t\t\t<div class=\"elementor-post__text\">\n\t\t\t\t<h2 class=\"elementor-post__title\">\n\t\t\t<a href=\"https:\/\/sensym.com.br\/site\/tta-din-transmissor-de-temperatura-para-conector-din\/\" >\n\t\t\t\tTTA-DIN: Transmissor de Temperatura para Conector DIN\t\t\t<\/a>\n\t\t<\/h2>\n\t\t\t\t<div class=\"elementor-post__excerpt\">\n\t\t\t<p>O controle de temperatura \u00e9 um dos fatores mais cr\u00edticos em processos industriais. Para assegurar estabilidade, seguran\u00e7a e qualidade produtiva, \u00e9 indispens\u00e1vel contar com instrumentos de medi\u00e7\u00e3o precisos e confi\u00e1veis. Nesse contexto, o TTA-DIN, transmissor de temperatura para conector DIN<\/p>\n\t\t<\/div>\n\t\t\n\t\t<a class=\"elementor-post__read-more\" href=\"https:\/\/sensym.com.br\/site\/tta-din-transmissor-de-temperatura-para-conector-din\/\" aria-label=\"Leia mais sobre TTA-DIN: Transmissor de Temperatura para Conector DIN\" tabindex=\"-1\" >\n\t\t\tLeia mais\t\t<\/a>\n\n\t\t\t\t<\/div>\n\t\t\t\t\t<\/div>\n\t\t<\/article>\n\t\t\t\t<\/div>\n\t\t\n\t\t\t\t<div class=\"e-load-more-anchor\" data-page=\"1\" data-max-page=\"2\" data-next-page=\"https:\/\/sensym.com.br\/site\/wp-json\/wp\/v2\/pages\/16907\/page\/2\/\"><\/div>\n\t\t\t\t<nav class=\"elementor-pagination\" aria-label=\"Pagina\u00e7\u00e3o\">\n\t\t\t<span aria-current=\"page\" class=\"page-numbers current\"><span class=\"elementor-screen-only\">P\u00e1gina<\/span>1<\/span>\n<a class=\"page-numbers\" href=\"https:\/\/sensym.com.br\/site\/wp-json\/wp\/v2\/pages\/16907\/page\/2\/\"><span class=\"elementor-screen-only\">P\u00e1gina<\/span>2<\/a>\t\t<\/nav>\n\t\t\t\t<\/div>\n\t\t\t\t<\/div>\n\t\t\t\t\t<\/div>\n\t\t\t\t<\/div>\n\t\t\t\t<\/div>\n\t\t","protected":false},"excerpt":{"rendered":"<p>Blog<\/p>\n","protected":false},"author":5,"featured_media":176,"parent":0,"menu_order":0,"comment_status":"closed","ping_status":"closed","template":"elementor_header_footer","meta":{"inline_featured_image":false,"footnotes":""},"class_list":["post-16907","page","type-page","status-publish","has-post-thumbnail","hentry"],"yoast_head":"<!-- This site is optimized with the Yoast SEO plugin v27.3 - https:\/\/yoast.com\/product\/yoast-seo-wordpress\/ -->\n<title>Blog - Sensym<\/title>\n<meta name=\"robots\" content=\"index, follow, max-snippet:-1, max-image-preview:large, max-video-preview:-1\" \/>\n<link rel=\"canonical\" href=\"https:\/\/sensym.com.br\/site\/blog\/\" \/>\n<meta property=\"og:locale\" content=\"pt_BR\" \/>\n<meta property=\"og:type\" content=\"article\" \/>\n<meta property=\"og:title\" content=\"Blog - Sensym\" \/>\n<meta property=\"og:description\" content=\"Blog\" \/>\n<meta property=\"og:url\" content=\"https:\/\/sensym.com.br\/site\/blog\/\" \/>\n<meta property=\"og:site_name\" content=\"Sensym\" \/>\n<meta property=\"article:modified_time\" content=\"2025-03-26T20:01:18+00:00\" \/>\n<meta property=\"og:image\" content=\"https:\/\/sensym.com.br\/site\/wp-content\/uploads\/2020\/12\/trabalhe-conosco.jpg\" \/>\n\t<meta property=\"og:image:width\" content=\"648\" \/>\n\t<meta property=\"og:image:height\" content=\"393\" \/>\n\t<meta property=\"og:image:type\" content=\"image\/jpeg\" \/>\n<meta name=\"twitter:card\" content=\"summary_large_image\" \/>\n<meta name=\"twitter:label1\" content=\"Est. tempo de leitura\" \/>\n\t<meta name=\"twitter:data1\" content=\"2 minutos\" \/>\n<script type=\"application\/ld+json\" class=\"yoast-schema-graph\">{\"@context\":\"https:\\\/\\\/schema.org\",\"@graph\":[{\"@type\":\"WebPage\",\"@id\":\"https:\\\/\\\/sensym.com.br\\\/site\\\/blog\\\/\",\"url\":\"https:\\\/\\\/sensym.com.br\\\/site\\\/blog\\\/\",\"name\":\"Blog - Sensym\",\"isPartOf\":{\"@id\":\"https:\\\/\\\/sensym.com.br\\\/site\\\/#website\"},\"primaryImageOfPage\":{\"@id\":\"https:\\\/\\\/sensym.com.br\\\/site\\\/blog\\\/#primaryimage\"},\"image\":{\"@id\":\"https:\\\/\\\/sensym.com.br\\\/site\\\/blog\\\/#primaryimage\"},\"thumbnailUrl\":\"https:\\\/\\\/sensym.com.br\\\/site\\\/wp-content\\\/uploads\\\/2020\\\/12\\\/trabalhe-conosco.jpg\",\"datePublished\":\"2025-03-26T19:00:48+00:00\",\"dateModified\":\"2025-03-26T20:01:18+00:00\",\"breadcrumb\":{\"@id\":\"https:\\\/\\\/sensym.com.br\\\/site\\\/blog\\\/#breadcrumb\"},\"inLanguage\":\"pt-BR\",\"potentialAction\":[{\"@type\":\"ReadAction\",\"target\":[\"https:\\\/\\\/sensym.com.br\\\/site\\\/blog\\\/\"]}]},{\"@type\":\"ImageObject\",\"inLanguage\":\"pt-BR\",\"@id\":\"https:\\\/\\\/sensym.com.br\\\/site\\\/blog\\\/#primaryimage\",\"url\":\"https:\\\/\\\/sensym.com.br\\\/site\\\/wp-content\\\/uploads\\\/2020\\\/12\\\/trabalhe-conosco.jpg\",\"contentUrl\":\"https:\\\/\\\/sensym.com.br\\\/site\\\/wp-content\\\/uploads\\\/2020\\\/12\\\/trabalhe-conosco.jpg\",\"width\":648,\"height\":393},{\"@type\":\"BreadcrumbList\",\"@id\":\"https:\\\/\\\/sensym.com.br\\\/site\\\/blog\\\/#breadcrumb\",\"itemListElement\":[{\"@type\":\"ListItem\",\"position\":1,\"name\":\"In\u00edcio\",\"item\":\"https:\\\/\\\/sensym.com.br\\\/site\\\/\"},{\"@type\":\"ListItem\",\"position\":2,\"name\":\"Blog\"}]},{\"@type\":\"WebSite\",\"@id\":\"https:\\\/\\\/sensym.com.br\\\/site\\\/#website\",\"url\":\"https:\\\/\\\/sensym.com.br\\\/site\\\/\",\"name\":\"Sensym\",\"description\":\"Instrumenta\u00e7\u00e3o para Automa\u00e7\u00e3o\",\"publisher\":{\"@id\":\"https:\\\/\\\/sensym.com.br\\\/site\\\/#organization\"},\"potentialAction\":[{\"@type\":\"SearchAction\",\"target\":{\"@type\":\"EntryPoint\",\"urlTemplate\":\"https:\\\/\\\/sensym.com.br\\\/site\\\/?s={search_term_string}\"},\"query-input\":{\"@type\":\"PropertyValueSpecification\",\"valueRequired\":true,\"valueName\":\"search_term_string\"}}],\"inLanguage\":\"pt-BR\"},{\"@type\":\"Organization\",\"@id\":\"https:\\\/\\\/sensym.com.br\\\/site\\\/#organization\",\"name\":\"Sensym\",\"url\":\"https:\\\/\\\/sensym.com.br\\\/site\\\/\",\"logo\":{\"@type\":\"ImageObject\",\"inLanguage\":\"pt-BR\",\"@id\":\"https:\\\/\\\/sensym.com.br\\\/site\\\/#\\\/schema\\\/logo\\\/image\\\/\",\"url\":\"https:\\\/\\\/sensym.com.br\\\/site\\\/wp-content\\\/uploads\\\/2020\\\/12\\\/logo-sensym.png\",\"contentUrl\":\"https:\\\/\\\/sensym.com.br\\\/site\\\/wp-content\\\/uploads\\\/2020\\\/12\\\/logo-sensym.png\",\"width\":350,\"height\":103,\"caption\":\"Sensym\"},\"image\":{\"@id\":\"https:\\\/\\\/sensym.com.br\\\/site\\\/#\\\/schema\\\/logo\\\/image\\\/\"}}]}<\/script>\n<!-- \/ Yoast SEO plugin. -->","yoast_head_json":{"title":"Blog - Sensym","robots":{"index":"index","follow":"follow","max-snippet":"max-snippet:-1","max-image-preview":"max-image-preview:large","max-video-preview":"max-video-preview:-1"},"canonical":"https:\/\/sensym.com.br\/site\/blog\/","og_locale":"pt_BR","og_type":"article","og_title":"Blog - Sensym","og_description":"Blog","og_url":"https:\/\/sensym.com.br\/site\/blog\/","og_site_name":"Sensym","article_modified_time":"2025-03-26T20:01:18+00:00","og_image":[{"width":648,"height":393,"url":"https:\/\/sensym.com.br\/site\/wp-content\/uploads\/2020\/12\/trabalhe-conosco.jpg","type":"image\/jpeg"}],"twitter_card":"summary_large_image","twitter_misc":{"Est. tempo de leitura":"2 minutos"},"schema":{"@context":"https:\/\/schema.org","@graph":[{"@type":"WebPage","@id":"https:\/\/sensym.com.br\/site\/blog\/","url":"https:\/\/sensym.com.br\/site\/blog\/","name":"Blog - Sensym","isPartOf":{"@id":"https:\/\/sensym.com.br\/site\/#website"},"primaryImageOfPage":{"@id":"https:\/\/sensym.com.br\/site\/blog\/#primaryimage"},"image":{"@id":"https:\/\/sensym.com.br\/site\/blog\/#primaryimage"},"thumbnailUrl":"https:\/\/sensym.com.br\/site\/wp-content\/uploads\/2020\/12\/trabalhe-conosco.jpg","datePublished":"2025-03-26T19:00:48+00:00","dateModified":"2025-03-26T20:01:18+00:00","breadcrumb":{"@id":"https:\/\/sensym.com.br\/site\/blog\/#breadcrumb"},"inLanguage":"pt-BR","potentialAction":[{"@type":"ReadAction","target":["https:\/\/sensym.com.br\/site\/blog\/"]}]},{"@type":"ImageObject","inLanguage":"pt-BR","@id":"https:\/\/sensym.com.br\/site\/blog\/#primaryimage","url":"https:\/\/sensym.com.br\/site\/wp-content\/uploads\/2020\/12\/trabalhe-conosco.jpg","contentUrl":"https:\/\/sensym.com.br\/site\/wp-content\/uploads\/2020\/12\/trabalhe-conosco.jpg","width":648,"height":393},{"@type":"BreadcrumbList","@id":"https:\/\/sensym.com.br\/site\/blog\/#breadcrumb","itemListElement":[{"@type":"ListItem","position":1,"name":"In\u00edcio","item":"https:\/\/sensym.com.br\/site\/"},{"@type":"ListItem","position":2,"name":"Blog"}]},{"@type":"WebSite","@id":"https:\/\/sensym.com.br\/site\/#website","url":"https:\/\/sensym.com.br\/site\/","name":"Sensym","description":"Instrumenta\u00e7\u00e3o para Automa\u00e7\u00e3o","publisher":{"@id":"https:\/\/sensym.com.br\/site\/#organization"},"potentialAction":[{"@type":"SearchAction","target":{"@type":"EntryPoint","urlTemplate":"https:\/\/sensym.com.br\/site\/?s={search_term_string}"},"query-input":{"@type":"PropertyValueSpecification","valueRequired":true,"valueName":"search_term_string"}}],"inLanguage":"pt-BR"},{"@type":"Organization","@id":"https:\/\/sensym.com.br\/site\/#organization","name":"Sensym","url":"https:\/\/sensym.com.br\/site\/","logo":{"@type":"ImageObject","inLanguage":"pt-BR","@id":"https:\/\/sensym.com.br\/site\/#\/schema\/logo\/image\/","url":"https:\/\/sensym.com.br\/site\/wp-content\/uploads\/2020\/12\/logo-sensym.png","contentUrl":"https:\/\/sensym.com.br\/site\/wp-content\/uploads\/2020\/12\/logo-sensym.png","width":350,"height":103,"caption":"Sensym"},"image":{"@id":"https:\/\/sensym.com.br\/site\/#\/schema\/logo\/image\/"}}]}},"_links":{"self":[{"href":"https:\/\/sensym.com.br\/site\/wp-json\/wp\/v2\/pages\/16907","targetHints":{"allow":["GET"]}}],"collection":[{"href":"https:\/\/sensym.com.br\/site\/wp-json\/wp\/v2\/pages"}],"about":[{"href":"https:\/\/sensym.com.br\/site\/wp-json\/wp\/v2\/types\/page"}],"author":[{"embeddable":true,"href":"https:\/\/sensym.com.br\/site\/wp-json\/wp\/v2\/users\/5"}],"replies":[{"embeddable":true,"href":"https:\/\/sensym.com.br\/site\/wp-json\/wp\/v2\/comments?post=16907"}],"version-history":[{"count":10,"href":"https:\/\/sensym.com.br\/site\/wp-json\/wp\/v2\/pages\/16907\/revisions"}],"predecessor-version":[{"id":16935,"href":"https:\/\/sensym.com.br\/site\/wp-json\/wp\/v2\/pages\/16907\/revisions\/16935"}],"wp:featuredmedia":[{"embeddable":true,"href":"https:\/\/sensym.com.br\/site\/wp-json\/wp\/v2\/media\/176"}],"wp:attachment":[{"href":"https:\/\/sensym.com.br\/site\/wp-json\/wp\/v2\/media?parent=16907"}],"curies":[{"name":"wp","href":"https:\/\/api.w.org\/{rel}","templated":true}]}}